{"id":220,"date":"2025-05-07T18:39:21","date_gmt":"2025-05-07T16:39:21","guid":{"rendered":"http:\/\/durst.sc1podk9495.universe.wf\/legals\/"},"modified":"2026-02-27T16:29:25","modified_gmt":"2026-02-27T15:29:25","slug":"mentions-legales","status":"publish","type":"page","link":"https:\/\/www.durstartconsultancy.com\/fr\/mentions-legales\/","title":{"rendered":"Mentions l\u00e9gales"},"content":{"rendered":"<h2>Mentions l\u00e9gales<\/h2>\n<h3>\u00c9diteur du site<\/h3>\n<p>Durst Art Consultancy est la d\u00e9nomination commerciale de la soci\u00e9t\u00e9 Fran\u00e7oise Durst SAS.<br \/>\nSoci\u00e9t\u00e9 par actions simplifi\u00e9e (SAS) au capital de 38 417 euros, dont le si\u00e8ge social est situ\u00e9 au 15 rue de la Tour, 75116 Paris.<br \/>\nImmatricul\u00e9e au Registre du commerce et des soci\u00e9t\u00e9s de Paris sous le num\u00e9ro 306 169 665 R.C.S. Paris.<br \/>\nNum\u00e9ro de TVA intracommunautaire : FR02306169665<br \/>\nContact : bonjour@galeriedurst.com \u2013 01 45 24 73 00<br \/>\nDirectrice de la publication : Helena Marti<\/p>\n<h3>H\u00e9bergement<\/h3>\n<p>Le site est h\u00e9berg\u00e9 par :<br \/>\nInfomaniak Network SA<br \/>\nRue Eug\u00e8ne-Marziano 25, 1227 Les Acacias, Gen\u00e8ve, Suisse<br \/>\nSite web : https:\/\/www.infomaniak.com<\/p>\n<h3>Propri\u00e9t\u00e9 intellectuelle<\/h3>\n<p>L\u2019ensemble des contenus pr\u00e9sents sur le site durstartconsultancy.com (textes, images, graphismes, logos, vid\u00e9os, etc.) sont, sauf mention contraire, la propri\u00e9t\u00e9 exclusive de Durst Art Consultancy.<br \/>\nToute reproduction, repr\u00e9sentation, modification, publication ou adaptation, totale ou partielle, de ces contenus est strictement interdite sans autorisation \u00e9crite pr\u00e9alable.<\/p>\n<h3>Donn\u00e9es personnelles<\/h3>\n<p>Le site ne collecte de donn\u00e9es personnelles que par le biais de son formulaire de contact, et uniquement l\u2019adresse e-mail fournie par l\u2019utilisateur.<br \/>\nCette adresse e-mail est utilis\u00e9e uniquement pour r\u00e9pondre \u00e0 vos demandes et pour l\u2019envoi \u00e9ventuel de newsletters.<br \/>\nElle ne fait l\u2019objet d\u2019aucune autre utilisation (commercialisation, etc.) et n\u2019est en aucun cas transmise \u00e0 des tiers.<br \/>\nConform\u00e9ment au RGPD et \u00e0 la loi Informatique et Libert\u00e9s, vous pouvez exercer vos droits (acc\u00e8s, rectification, suppression) en nous contactant \u00e0 l\u2019adresse suivante : bonjour@galeriedurst.com<\/p>\n<h3>Modification des mentions<\/h3>\n<p>La Galerie Durst se r\u00e9serve le droit de modifier le pr\u00e9sent document \u00e0 tout moment.<br \/>\nLa version applicable au jour de votre visite est celle disponible dans la rubrique \u00ab Mentions l\u00e9gales \u00bb du site.<\/p>\n<h3>Loi applicable et attribution de juridiction<\/h3>\n<p>Les pr\u00e9sentes mentions sont soumises au droit fran\u00e7ais.<br \/>\nSauf disposition d\u2019ordre public contraire, tout litige li\u00e9 \u00e0 l\u2019interpr\u00e9tation, la validit\u00e9 ou l\u2019ex\u00e9cution des pr\u00e9sentes sera exclusivement tranch\u00e9 par les juridictions fran\u00e7aises territorialement comp\u00e9tentes.<\/p>\n<h2>CR\u00c9DITS<\/h2>\n<h3>Photographes<\/h3>\n<p>Sergei Nekrasov<br \/>\nLaura Jacques<br \/>\nKarel Balas<\/p>\n<h3>Mat\u00e9riauth\u00e8que<\/h3>\n<p><strong>Biofusion<\/strong><br \/>\nZoe Imber &#8211; Romain Parize<br \/>\nVictoire Inchausp\u00e9<br \/>\nErin Vincent<br \/>\nFlorian Mermin<br \/>\nSasha Sykes Studio<br \/>\nAlyssa Jos<br \/>\nKarim+Elias<br \/>\nAyala Serfaty<br \/>\nMylinh Nguyen<br \/>\nMarcin Rusak<br \/>\nTamas Dezs\u00f6<br \/>\nJuliette Minchin<br \/>\nTom Price<br \/>\nTouch with eyes<br \/>\nHenar Iglesias<br \/>\nPrecious Peels<\/p>\n<p><strong>Bois<\/strong><br \/>\nEtienne Moyat<br \/>\nCarl Martinson<br \/>\nMaxime Perrolle<br \/>\nSalom\u00e9 Cousseau<br \/>\nIsabelle Fustinoni<br \/>\nEileen Gray<br \/>\nEgev\u00e6rk Mette Bentzen &#038; Lasse Kristensen<br \/>\nEli Craven<br \/>\nDiane Glaun\u00e8s<br \/>\nCasey McCafferty<br \/>\nJ\u00e9r\u00f4me Pereira<br \/>\nDaniel Mirchev<br \/>\nVadim Garine<br \/>\nWycliffe Stutchbury<br \/>\nK-3 &#038; Rometti<br \/>\nJonath\u00e4n Jouan<br \/>\nHamza Mekdad<br \/>\nFarouche Paris<br \/>\nLewis Kemmenoe<br \/>\nSoeur Samuelle<br \/>\nAhu Studio<\/p>\n<p><strong>Verre<\/strong><br \/>\nDamien Gernay<br \/>\nLa Compagnie Du Verre<br \/>\nMarie Jeunet X Audrey Guimard<br \/>\nYoko Togashi<br \/>\nAtelier Pictet<br \/>\nEmilie Lemardeley<br \/>\nToshio Iezumi<br \/>\nShayna Leib<br \/>\nLukas Wegwerth<br \/>\nJeremy Maxwell Wintrebert<br \/>\nArik Levy<br \/>\nEWE Studio<br \/>\nAtelier Myriam Hubert<br \/>\nClemence Mars<br \/>\nVladimir Zbynovsky<br \/>\nSam Orlando Miller<br \/>\nJustin Weiler<br \/>\nSylvie Olive<br \/>\nSolange Knowles<br \/>\nEmilie Lemardeley<br \/>\nRomain Costa<br \/>\nClara Rivault<br \/>\nThibaut Nussbaumer<\/p>\n<p><strong>M\u00e9tal<\/strong><br \/>\nJaehyo Lee<br \/>\nJacques Jarrige<br \/>\nAdeline Halot<br \/>\nAntoine Dariule<br \/>\nSanne Terweij<br \/>\nCreanog<br \/>\nWonmin Park<br \/>\nFanny Boucher<br \/>\nCecilia Moore<br \/>\nLucas Recchia<br \/>\nEline Baas<br \/>\nThomas Lemut<br \/>\nLouis-Guillaume Pi\u00e9chaud Orf\u00e8vre<br \/>\nBregje Sliepenbeek<br \/>\nDe Castelli<br \/>\nJess Wheeler<br \/>\nIa Kutateladze<br \/>\nFrancis Guerrier<br \/>\nFormant Studio<br \/>\nEmilie Houldsworth<br \/>\nOlivia Cognet<br \/>\nElie Hirsch<br \/>\nFederica Paoli<br \/>\nPepe Valenti<br \/>\nClara Imbert<br \/>\nAtelier Mitsouko<br \/>\nAtelier Fran\u00e7ois Pouenat<br \/>\nDimitris Gketsis<br \/>\nAlexandra Manousakis<\/p>\n<p><strong>Papier<\/strong><br \/>\nAnne F\u00e9at-Gaiss<br \/>\nJo Roets<br \/>\nMathias Malling Mortensen<br \/>\nAntonin Anzil<br \/>\nSusana Blasco<br \/>\nLauren Collin<br \/>\nJunior Fritz Jacquet<br \/>\nAnn Iren Buan<br \/>\n\uae40\ud604\uc8fc Kim HyunJoo<br \/>\nAlida Kuzemczak-Sayer<br \/>\nJulia Ibbini<br \/>\nSara Bojovic<br \/>\nAnne-Yvonne Jouan<br \/>\nAnne Charlotte Saliba<br \/>\nClaire Trotignon<br \/>\nMartin Berger<br \/>\nEva Medin<br \/>\nFerri Garces<br \/>\nV\u00e9ronique Guillou<\/p>\n<p><strong>Rev\u00eatement Mural<\/strong><br \/>\nTollis Studio<br \/>\nGinevra Strigelli<br \/>\nAntonin Lamoot<br \/>\nMarie Rougier<br \/>\nLatifa Saeed<br \/>\nLillia Baudo<br \/>\nAtelier De La Tore<br \/>\nBasile Boon<br \/>\nFabienne Fabre<br \/>\nFlorence Bamberger<br \/>\nFriul Mosaic<br \/>\nMartin Berger<br \/>\nJacques Merle<br \/>\nFrederique &#038; Rob Whittle<br \/>\nJonath\u00e4n Jouan<br \/>\nSophie Mallebranche<br \/>\nUgo Schildge<br \/>\nPauline Leyravaud<br \/>\nSarah Martinon<br \/>\nStaff Espaces Volumes<br \/>\nVeronique Velec<br \/>\nTimna Woollard<br \/>\nGuillaume Grando<\/p>\n<p><strong>C\u00e9ramique<\/strong><br \/>\nZemer Peled<br \/>\nAmande Haeghen<br \/>\nAnne Petit<br \/>\nBen Mazey<br \/>\nYiorgos Trichas<br \/>\nCamille Pouget<br \/>\nAlvina Jakobsson<br \/>\nSamir Mazer<br \/>\nYu Uozu<br \/>\nHanna Heino<br \/>\nValentine Rosi Mistou<br \/>\nCamille Le Dressay<br \/>\nMaud Van der Linden<br \/>\nMyungJin Kim<br \/>\nMorgane Pasqualini<br \/>\nSandra Munier<br \/>\nPiccoli Smalti<br \/>\nMaria Vlandi<br \/>\nSierra Kanistanaux<br \/>\nLukas Wegwerth<br \/>\nClaudia Barreira<br \/>\nVictor Levai<br \/>\nLor\u00e8ne Cavagna<br \/>\nDi Fretto<br \/>\nR\u00e9mi Bracquemond<br \/>\nKalou Dubus<br \/>\nStudio Pepe<br \/>\nDora Stanczel<br \/>\nGr\u00e9goire Scalabre<\/p>\n<p><strong>Bronze<\/strong><br \/>\nReticence Studio<br \/>\nChris Wolston<br \/>\nGianluca Pacchioni<br \/>\nClark Broadwood-Smith<br \/>\nMaison Jonckers<br \/>\nOsanna Rovi<br \/>\nThomas Junghans<br \/>\nTom Price<br \/>\nSarah Valente<br \/>\nMaxime Perrolle<br \/>\nJess Wheeler<\/p>\n<p><strong>Marbre<\/strong><br \/>\nAndrea Mancuso<br \/>\nDune Varela<br \/>\nMark Mitchel<br \/>\nJohn Miserendino<br \/>\nSten studio<br \/>\nRodolphe Janssen<br \/>\nAlexandre Onimus<br \/>\nNad\u00e8ge Mouyssinat<br \/>\nHannes Peer<br \/>\nSavvas Laz<br \/>\nAlimonti X Studiopepe<br \/>\nPelletti Massimiliano<br \/>\nHOMA<br \/>\nStudio Ga\u00efa<br \/>\nStudio E.O<br \/>\nThe reliquary<\/p>\n<p><strong>Feuille d&rsquo;Or<\/strong><br \/>\nRometti<br \/>\nAnne Lopez<br \/>\nAtelier Emmanuelle Barrois<br \/>\nBelinda Pollard<br \/>\nJos\u00e9 Aguirre<br \/>\nAnne F\u00e9at Ga\u00efss<br \/>\nSol\u00e8ne Eloy<br \/>\nManuella Paul-Cavallier<br \/>\nAtelier Wandlungen<br \/>\nFlorence Girette<br \/>\nMarie De Decker<br \/>\nPeca<br \/>\nJo\u00eblle Wehkamp<br \/>\nAnne-Charlotte Saliba<\/p>\n<p><strong>Broderie<\/strong>.<br \/>\nStudio Ekceli<br \/>\nAhu Studio<br \/>\nLaurentine P\u00e9rilhou<br \/>\nMorgane Baroghel-Crucq<br \/>\nMarijke De Cock<br \/>\nFA\u0130LAT\u00dcN FA\u0130L\u00dcN<br \/>\nBelinda Pollard<br \/>\nAtelier Lebuisson<br \/>\nCl\u00e9mentine Brandibas<br \/>\nAiveen Daly<br \/>\nAtelier d&rsquo;Offard x Nadia Albertini<br \/>\nMayu Sosogi<br \/>\nClare Broderie<br \/>\nEase Studio<br \/>\nLauren Collin<br \/>\nBrodeuse Voyageuse<br \/>\nJean Brieu Catelier<br \/>\nCarmen Castaneda<br \/>\nLucie Toure<br \/>\nWanbing Huang<\/p>\n<p><strong>Textile<\/strong><br \/>\nMorgane Baroghel-Crucq<br \/>\nFran\u00e7ois Mascarello<br \/>\n\u00c1lvaro Catal\u00e1n de Oc\u00f3n<br \/>\nMimi Jung<br \/>\nHelen Amy Murray<br \/>\nShishi San<br \/>\nSimone Pheulpin<br \/>\nHanne G<br \/>\nCapucine Bonneterre<br \/>\nC\u00e9line Camilleri<br \/>\nTina Tictone<br \/>\nManal Al Dowayan<br \/>\nVanessa Barrag\u00e3o<br \/>\nHugo Falaise x Studio Ziricote<br \/>\nRosanna Lefeuvre<br \/>\nNatalia Brilli<br \/>\nGlooris Dreams<br \/>\nJialing Lee<br \/>\nMargot Graziani<br \/>\nLiesbet Braeckman<br \/>\nEase Studio<br \/>\nAnne-Violaine Lesaffre<br \/>\nHouse of Quentin Jones<br \/>\nMatt Ryntowt<br \/>\nKristy Kun<br \/>\nAlessandro Teoldi<br \/>\nJustin Morin<\/p>\n<p>\u00a9 Durst Art Consultancy \u2013 All Rights Reserved 2026.<\/p>\n","protected":false},"excerpt":{"rendered":"<p>Mentions l\u00e9gales \u00c9diteur du site Durst Art Consultancy est la d\u00e9nomination commerciale de la soci\u00e9t\u00e9 Fran\u00e7oise Durst SAS. Soci\u00e9t\u00e9 par actions simplifi\u00e9e (SAS) au capital de 38 417 euros, dont le si\u00e8ge social est situ\u00e9 au 15 rue de la Tour, 75116 Paris. Immatricul\u00e9e au Registre du commerce et des soci\u00e9t\u00e9s de Paris sous le [&hellip;]<\/p>\n","protected":false},"author":1,"featured_media":0,"parent":0,"menu_order":0,"comment_status":"closed","ping_status":"closed","template":"","meta":{"_acf_changed":false,"footnotes":""},"class_list":["post-220","page","type-page","status-publish","hentry"],"acf":[],"yoast_head":"<!-- This site is optimized with the Yoast SEO plugin v27.4 - https:\/\/yoast.com\/product\/yoast-seo-wordpress\/ -->\n<title>Mentions l\u00e9gales &#8212; Durst Art Consultancy<\/title>\n<meta name=\"description\" content=\"Mentions l\u00e9gales \u00c9diteur du site Durst Art Consultancy est la d\u00e9nomination commerciale de la soci\u00e9t\u00e9 Fran\u00e7oise Durst SAS. Soci\u00e9t\u00e9 par actions simplifi\u00e9e\" \/>\n<meta name=\"robots\" content=\"index, follow, max-snippet:-1, max-image-preview:large, max-video-preview:-1\" \/>\n<link rel=\"canonical\" href=\"https:\/\/www.durstartconsultancy.com\/fr\/mentions-legales\/\" \/>\n<meta property=\"og:locale\" content=\"fr_FR\" \/>\n<meta property=\"og:type\" content=\"article\" \/>\n<meta property=\"og:title\" content=\"Mentions l\u00e9gales &#8212; Durst Art Consultancy\" \/>\n<meta property=\"og:description\" content=\"Mentions l\u00e9gales \u00c9diteur du site Durst Art Consultancy est la d\u00e9nomination commerciale de la soci\u00e9t\u00e9 Fran\u00e7oise Durst SAS. Soci\u00e9t\u00e9 par actions simplifi\u00e9e\" \/>\n<meta property=\"og:url\" content=\"https:\/\/www.durstartconsultancy.com\/fr\/mentions-legales\/\" \/>\n<meta property=\"og:site_name\" content=\"Durst Art Consultancy\" \/>\n<meta property=\"article:modified_time\" content=\"2026-02-27T15:29:25+00:00\" \/>\n<meta name=\"twitter:card\" content=\"summary_large_image\" \/>\n<meta name=\"twitter:label1\" content=\"Dur\u00e9e de lecture estim\u00e9e\" \/>\n\t<meta name=\"twitter:data1\" content=\"4 minutes\" \/>\n<script type=\"application\/ld+json\" class=\"yoast-schema-graph\">{\"@context\":\"https:\\\/\\\/schema.org\",\"@graph\":[{\"@type\":\"WebPage\",\"@id\":\"https:\\\/\\\/www.durstartconsultancy.com\\\/fr\\\/mentions-legales\\\/\",\"url\":\"https:\\\/\\\/www.durstartconsultancy.com\\\/fr\\\/mentions-legales\\\/\",\"name\":\"Mentions l\u00e9gales &#8212; Durst Art Consultancy\",\"isPartOf\":{\"@id\":\"https:\\\/\\\/www.durstartconsultancy.com\\\/fr\\\/#website\"},\"datePublished\":\"2025-05-07T16:39:21+00:00\",\"dateModified\":\"2026-02-27T15:29:25+00:00\",\"description\":\"Mentions l\u00e9gales \u00c9diteur du site Durst Art Consultancy est la d\u00e9nomination commerciale de la soci\u00e9t\u00e9 Fran\u00e7oise Durst SAS. Soci\u00e9t\u00e9 par actions simplifi\u00e9e\",\"breadcrumb\":{\"@id\":\"https:\\\/\\\/www.durstartconsultancy.com\\\/fr\\\/mentions-legales\\\/#breadcrumb\"},\"inLanguage\":\"fr-FR\",\"potentialAction\":[{\"@type\":\"ReadAction\",\"target\":[\"https:\\\/\\\/www.durstartconsultancy.com\\\/fr\\\/mentions-legales\\\/\"]}]},{\"@type\":\"BreadcrumbList\",\"@id\":\"https:\\\/\\\/www.durstartconsultancy.com\\\/fr\\\/mentions-legales\\\/#breadcrumb\",\"itemListElement\":[{\"@type\":\"ListItem\",\"position\":1,\"name\":\"Accueil\",\"item\":\"https:\\\/\\\/www.durstartconsultancy.com\\\/fr\\\/\"},{\"@type\":\"ListItem\",\"position\":2,\"name\":\"Mentions l\u00e9gales\"}]},{\"@type\":\"WebSite\",\"@id\":\"https:\\\/\\\/www.durstartconsultancy.com\\\/fr\\\/#website\",\"url\":\"https:\\\/\\\/www.durstartconsultancy.com\\\/fr\\\/\",\"name\":\"Durst Art Consultancy\",\"description\":\"\",\"potentialAction\":[{\"@type\":\"SearchAction\",\"target\":{\"@type\":\"EntryPoint\",\"urlTemplate\":\"https:\\\/\\\/www.durstartconsultancy.com\\\/fr\\\/?s={search_term_string}\"},\"query-input\":{\"@type\":\"PropertyValueSpecification\",\"valueRequired\":true,\"valueName\":\"search_term_string\"}}],\"inLanguage\":\"fr-FR\"}]}<\/script>\n<!-- \/ Yoast SEO plugin. -->","yoast_head_json":{"title":"Mentions l\u00e9gales &#8212; Durst Art Consultancy","description":"Mentions l\u00e9gales \u00c9diteur du site Durst Art Consultancy est la d\u00e9nomination commerciale de la soci\u00e9t\u00e9 Fran\u00e7oise Durst SAS. Soci\u00e9t\u00e9 par actions simplifi\u00e9e","robots":{"index":"index","follow":"follow","max-snippet":"max-snippet:-1","max-image-preview":"max-image-preview:large","max-video-preview":"max-video-preview:-1"},"canonical":"https:\/\/www.durstartconsultancy.com\/fr\/mentions-legales\/","og_locale":"fr_FR","og_type":"article","og_title":"Mentions l\u00e9gales &#8212; Durst Art Consultancy","og_description":"Mentions l\u00e9gales \u00c9diteur du site Durst Art Consultancy est la d\u00e9nomination commerciale de la soci\u00e9t\u00e9 Fran\u00e7oise Durst SAS. Soci\u00e9t\u00e9 par actions simplifi\u00e9e","og_url":"https:\/\/www.durstartconsultancy.com\/fr\/mentions-legales\/","og_site_name":"Durst Art Consultancy","article_modified_time":"2026-02-27T15:29:25+00:00","twitter_card":"summary_large_image","twitter_misc":{"Dur\u00e9e de lecture estim\u00e9e":"4 minutes"},"schema":{"@context":"https:\/\/schema.org","@graph":[{"@type":"WebPage","@id":"https:\/\/www.durstartconsultancy.com\/fr\/mentions-legales\/","url":"https:\/\/www.durstartconsultancy.com\/fr\/mentions-legales\/","name":"Mentions l\u00e9gales &#8212; Durst Art Consultancy","isPartOf":{"@id":"https:\/\/www.durstartconsultancy.com\/fr\/#website"},"datePublished":"2025-05-07T16:39:21+00:00","dateModified":"2026-02-27T15:29:25+00:00","description":"Mentions l\u00e9gales \u00c9diteur du site Durst Art Consultancy est la d\u00e9nomination commerciale de la soci\u00e9t\u00e9 Fran\u00e7oise Durst SAS. Soci\u00e9t\u00e9 par actions simplifi\u00e9e","breadcrumb":{"@id":"https:\/\/www.durstartconsultancy.com\/fr\/mentions-legales\/#breadcrumb"},"inLanguage":"fr-FR","potentialAction":[{"@type":"ReadAction","target":["https:\/\/www.durstartconsultancy.com\/fr\/mentions-legales\/"]}]},{"@type":"BreadcrumbList","@id":"https:\/\/www.durstartconsultancy.com\/fr\/mentions-legales\/#breadcrumb","itemListElement":[{"@type":"ListItem","position":1,"name":"Accueil","item":"https:\/\/www.durstartconsultancy.com\/fr\/"},{"@type":"ListItem","position":2,"name":"Mentions l\u00e9gales"}]},{"@type":"WebSite","@id":"https:\/\/www.durstartconsultancy.com\/fr\/#website","url":"https:\/\/www.durstartconsultancy.com\/fr\/","name":"Durst Art Consultancy","description":"","potentialAction":[{"@type":"SearchAction","target":{"@type":"EntryPoint","urlTemplate":"https:\/\/www.durstartconsultancy.com\/fr\/?s={search_term_string}"},"query-input":{"@type":"PropertyValueSpecification","valueRequired":true,"valueName":"search_term_string"}}],"inLanguage":"fr-FR"}]}},"_links":{"self":[{"href":"https:\/\/www.durstartconsultancy.com\/fr\/wp-json\/wp\/v2\/pages\/220","targetHints":{"allow":["GET"]}}],"collection":[{"href":"https:\/\/www.durstartconsultancy.com\/fr\/wp-json\/wp\/v2\/pages"}],"about":[{"href":"https:\/\/www.durstartconsultancy.com\/fr\/wp-json\/wp\/v2\/types\/page"}],"author":[{"embeddable":true,"href":"https:\/\/www.durstartconsultancy.com\/fr\/wp-json\/wp\/v2\/users\/1"}],"replies":[{"embeddable":true,"href":"https:\/\/www.durstartconsultancy.com\/fr\/wp-json\/wp\/v2\/comments?post=220"}],"version-history":[{"count":4,"href":"https:\/\/www.durstartconsultancy.com\/fr\/wp-json\/wp\/v2\/pages\/220\/revisions"}],"predecessor-version":[{"id":3176,"href":"https:\/\/www.durstartconsultancy.com\/fr\/wp-json\/wp\/v2\/pages\/220\/revisions\/3176"}],"wp:attachment":[{"href":"https:\/\/www.durstartconsultancy.com\/fr\/wp-json\/wp\/v2\/media?parent=220"}],"curies":[{"name":"wp","href":"https:\/\/api.w.org\/{rel}","templated":true}]}}