{"id":1505,"date":"2025-05-13T11:53:03","date_gmt":"2025-05-13T09:53:03","guid":{"rendered":"https:\/\/www.durstartconsultancy.com\/studio\/"},"modified":"2026-01-08T17:56:02","modified_gmt":"2026-01-08T16:56:02","slug":"studio","status":"publish","type":"page","link":"https:\/\/www.durstartconsultancy.com\/fr\/studio\/","title":{"rendered":"Studio"},"content":{"rendered":"<p>Nous accompagnons les projets h\u00f4teliers en int\u00e9grant des \u0153uvres d\u2019art s\u00e9lectionn\u00e9es qui subliment l\u2019identit\u00e9 de chaque espace. Gr\u00e2ce \u00e0 une collaboration \u00e9troite avec artistes et designers, nous cr\u00e9ons des exp\u00e9riences visuelles immersives. Du concept \u00e0 l\u2019installation, nous proposons des solutions artistiques sur mesure pour architectes et d\u00e9corateurs d\u2019int\u00e9rieur de luxe, partout dans le monde.<\/p>\n","protected":false},"excerpt":{"rendered":"<p>Nous accompagnons les projets h\u00f4teliers en int\u00e9grant des \u0153uvres d\u2019art s\u00e9lectionn\u00e9es qui subliment l\u2019identit\u00e9 de chaque espace. Gr\u00e2ce \u00e0 une collaboration \u00e9troite avec artistes et designers, nous cr\u00e9ons des exp\u00e9riences visuelles immersives. Du concept \u00e0 l\u2019installation, nous proposons des solutions artistiques sur mesure pour architectes et d\u00e9corateurs d\u2019int\u00e9rieur de luxe, partout dans le monde.<\/p>\n","protected":false},"author":1,"featured_media":699,"parent":0,"menu_order":0,"comment_status":"closed","ping_status":"closed","template":"studio.php","meta":{"_acf_changed":false,"footnotes":""},"class_list":["post-1505","page","type-page","status-publish","has-post-thumbnail","hentry"],"acf":[],"yoast_head":"<!-- This site is optimized with the Yoast SEO plugin v27.4 - https:\/\/yoast.com\/product\/yoast-seo-wordpress\/ -->\n<title>Studio &#8212; Durst Art Consultancy<\/title>\n<meta name=\"description\" content=\"Nous accompagnons les projets h\u00f4teliers en int\u00e9grant des \u0153uvres d\u2019art s\u00e9lectionn\u00e9es qui subliment l\u2019identit\u00e9 de chaque espace. Gr\u00e2ce \u00e0 une collaboration\" \/>\n<meta name=\"robots\" content=\"index, follow, max-snippet:-1, max-image-preview:large, max-video-preview:-1\" \/>\n<link rel=\"canonical\" href=\"https:\/\/www.durstartconsultancy.com\/fr\/studio\/\" \/>\n<meta property=\"og:locale\" content=\"fr_FR\" \/>\n<meta property=\"og:type\" content=\"article\" \/>\n<meta property=\"og:title\" content=\"Studio &#8212; Durst Art Consultancy\" \/>\n<meta property=\"og:description\" content=\"Nous accompagnons les projets h\u00f4teliers en int\u00e9grant des \u0153uvres d\u2019art s\u00e9lectionn\u00e9es qui subliment l\u2019identit\u00e9 de chaque espace. Gr\u00e2ce \u00e0 une collaboration\" \/>\n<meta property=\"og:url\" content=\"https:\/\/www.durstartconsultancy.com\/fr\/studio\/\" \/>\n<meta property=\"og:site_name\" content=\"Durst Art Consultancy\" \/>\n<meta property=\"article:modified_time\" content=\"2026-01-08T16:56:02+00:00\" \/>\n<meta property=\"og:image\" content=\"https:\/\/www.durstartconsultancy.com\/wp-content\/uploads\/2025\/05\/1R9A5765-scaled.jpg\" \/>\n\t<meta property=\"og:image:width\" content=\"2560\" \/>\n\t<meta property=\"og:image:height\" content=\"1707\" \/>\n\t<meta property=\"og:image:type\" content=\"image\/jpeg\" \/>\n<meta name=\"twitter:card\" content=\"summary_large_image\" \/>\n<meta name=\"twitter:label1\" content=\"Dur\u00e9e de lecture estim\u00e9e\" \/>\n\t<meta name=\"twitter:data1\" content=\"5 minutes\" \/>\n<script type=\"application\/ld+json\" class=\"yoast-schema-graph\">{\"@context\":\"https:\\\/\\\/schema.org\",\"@graph\":[{\"@type\":\"WebPage\",\"@id\":\"https:\\\/\\\/www.durstartconsultancy.com\\\/fr\\\/studio\\\/\",\"url\":\"https:\\\/\\\/www.durstartconsultancy.com\\\/fr\\\/studio\\\/\",\"name\":\"Studio &#8212; Durst Art Consultancy\",\"isPartOf\":{\"@id\":\"https:\\\/\\\/www.durstartconsultancy.com\\\/fr\\\/#website\"},\"primaryImageOfPage\":{\"@id\":\"https:\\\/\\\/www.durstartconsultancy.com\\\/fr\\\/studio\\\/#primaryimage\"},\"image\":{\"@id\":\"https:\\\/\\\/www.durstartconsultancy.com\\\/fr\\\/studio\\\/#primaryimage\"},\"thumbnailUrl\":\"https:\\\/\\\/www.durstartconsultancy.com\\\/wp-content\\\/uploads\\\/2025\\\/05\\\/1R9A5765-scaled.jpg\",\"datePublished\":\"2025-05-13T09:53:03+00:00\",\"dateModified\":\"2026-01-08T16:56:02+00:00\",\"description\":\"Nous accompagnons les projets h\u00f4teliers en int\u00e9grant des \u0153uvres d\u2019art s\u00e9lectionn\u00e9es qui subliment l\u2019identit\u00e9 de chaque espace. Gr\u00e2ce \u00e0 une collaboration\",\"breadcrumb\":{\"@id\":\"https:\\\/\\\/www.durstartconsultancy.com\\\/fr\\\/studio\\\/#breadcrumb\"},\"inLanguage\":\"fr-FR\",\"potentialAction\":[{\"@type\":\"ReadAction\",\"target\":[\"https:\\\/\\\/www.durstartconsultancy.com\\\/fr\\\/studio\\\/\"]}]},{\"@type\":\"ImageObject\",\"inLanguage\":\"fr-FR\",\"@id\":\"https:\\\/\\\/www.durstartconsultancy.com\\\/fr\\\/studio\\\/#primaryimage\",\"url\":\"https:\\\/\\\/www.durstartconsultancy.com\\\/wp-content\\\/uploads\\\/2025\\\/05\\\/1R9A5765-scaled.jpg\",\"contentUrl\":\"https:\\\/\\\/www.durstartconsultancy.com\\\/wp-content\\\/uploads\\\/2025\\\/05\\\/1R9A5765-scaled.jpg\",\"width\":2560,\"height\":1707,\"caption\":\"Marsa entr\u00e9e\"},{\"@type\":\"BreadcrumbList\",\"@id\":\"https:\\\/\\\/www.durstartconsultancy.com\\\/fr\\\/studio\\\/#breadcrumb\",\"itemListElement\":[{\"@type\":\"ListItem\",\"position\":1,\"name\":\"Accueil\",\"item\":\"https:\\\/\\\/www.durstartconsultancy.com\\\/fr\\\/\"},{\"@type\":\"ListItem\",\"position\":2,\"name\":\"Studio\"}]},{\"@type\":\"WebSite\",\"@id\":\"https:\\\/\\\/www.durstartconsultancy.com\\\/fr\\\/#website\",\"url\":\"https:\\\/\\\/www.durstartconsultancy.com\\\/fr\\\/\",\"name\":\"Durst Art Consultancy\",\"description\":\"\",\"potentialAction\":[{\"@type\":\"SearchAction\",\"target\":{\"@type\":\"EntryPoint\",\"urlTemplate\":\"https:\\\/\\\/www.durstartconsultancy.com\\\/fr\\\/?s={search_term_string}\"},\"query-input\":{\"@type\":\"PropertyValueSpecification\",\"valueRequired\":true,\"valueName\":\"search_term_string\"}}],\"inLanguage\":\"fr-FR\"}]}<\/script>\n<!-- \/ Yoast SEO plugin. -->","yoast_head_json":{"title":"Studio &#8212; Durst Art Consultancy","description":"Nous accompagnons les projets h\u00f4teliers en int\u00e9grant des \u0153uvres d\u2019art s\u00e9lectionn\u00e9es qui subliment l\u2019identit\u00e9 de chaque espace. Gr\u00e2ce \u00e0 une collaboration","robots":{"index":"index","follow":"follow","max-snippet":"max-snippet:-1","max-image-preview":"max-image-preview:large","max-video-preview":"max-video-preview:-1"},"canonical":"https:\/\/www.durstartconsultancy.com\/fr\/studio\/","og_locale":"fr_FR","og_type":"article","og_title":"Studio &#8212; Durst Art Consultancy","og_description":"Nous accompagnons les projets h\u00f4teliers en int\u00e9grant des \u0153uvres d\u2019art s\u00e9lectionn\u00e9es qui subliment l\u2019identit\u00e9 de chaque espace. Gr\u00e2ce \u00e0 une collaboration","og_url":"https:\/\/www.durstartconsultancy.com\/fr\/studio\/","og_site_name":"Durst Art Consultancy","article_modified_time":"2026-01-08T16:56:02+00:00","og_image":[{"width":2560,"height":1707,"url":"https:\/\/www.durstartconsultancy.com\/wp-content\/uploads\/2025\/05\/1R9A5765-scaled.jpg","type":"image\/jpeg"}],"twitter_card":"summary_large_image","twitter_misc":{"Dur\u00e9e de lecture estim\u00e9e":"5 minutes"},"schema":{"@context":"https:\/\/schema.org","@graph":[{"@type":"WebPage","@id":"https:\/\/www.durstartconsultancy.com\/fr\/studio\/","url":"https:\/\/www.durstartconsultancy.com\/fr\/studio\/","name":"Studio &#8212; Durst Art Consultancy","isPartOf":{"@id":"https:\/\/www.durstartconsultancy.com\/fr\/#website"},"primaryImageOfPage":{"@id":"https:\/\/www.durstartconsultancy.com\/fr\/studio\/#primaryimage"},"image":{"@id":"https:\/\/www.durstartconsultancy.com\/fr\/studio\/#primaryimage"},"thumbnailUrl":"https:\/\/www.durstartconsultancy.com\/wp-content\/uploads\/2025\/05\/1R9A5765-scaled.jpg","datePublished":"2025-05-13T09:53:03+00:00","dateModified":"2026-01-08T16:56:02+00:00","description":"Nous accompagnons les projets h\u00f4teliers en int\u00e9grant des \u0153uvres d\u2019art s\u00e9lectionn\u00e9es qui subliment l\u2019identit\u00e9 de chaque espace. Gr\u00e2ce \u00e0 une collaboration","breadcrumb":{"@id":"https:\/\/www.durstartconsultancy.com\/fr\/studio\/#breadcrumb"},"inLanguage":"fr-FR","potentialAction":[{"@type":"ReadAction","target":["https:\/\/www.durstartconsultancy.com\/fr\/studio\/"]}]},{"@type":"ImageObject","inLanguage":"fr-FR","@id":"https:\/\/www.durstartconsultancy.com\/fr\/studio\/#primaryimage","url":"https:\/\/www.durstartconsultancy.com\/wp-content\/uploads\/2025\/05\/1R9A5765-scaled.jpg","contentUrl":"https:\/\/www.durstartconsultancy.com\/wp-content\/uploads\/2025\/05\/1R9A5765-scaled.jpg","width":2560,"height":1707,"caption":"Marsa entr\u00e9e"},{"@type":"BreadcrumbList","@id":"https:\/\/www.durstartconsultancy.com\/fr\/studio\/#breadcrumb","itemListElement":[{"@type":"ListItem","position":1,"name":"Accueil","item":"https:\/\/www.durstartconsultancy.com\/fr\/"},{"@type":"ListItem","position":2,"name":"Studio"}]},{"@type":"WebSite","@id":"https:\/\/www.durstartconsultancy.com\/fr\/#website","url":"https:\/\/www.durstartconsultancy.com\/fr\/","name":"Durst Art Consultancy","description":"","potentialAction":[{"@type":"SearchAction","target":{"@type":"EntryPoint","urlTemplate":"https:\/\/www.durstartconsultancy.com\/fr\/?s={search_term_string}"},"query-input":{"@type":"PropertyValueSpecification","valueRequired":true,"valueName":"search_term_string"}}],"inLanguage":"fr-FR"}]}},"_links":{"self":[{"href":"https:\/\/www.durstartconsultancy.com\/fr\/wp-json\/wp\/v2\/pages\/1505","targetHints":{"allow":["GET"]}}],"collection":[{"href":"https:\/\/www.durstartconsultancy.com\/fr\/wp-json\/wp\/v2\/pages"}],"about":[{"href":"https:\/\/www.durstartconsultancy.com\/fr\/wp-json\/wp\/v2\/types\/page"}],"author":[{"embeddable":true,"href":"https:\/\/www.durstartconsultancy.com\/fr\/wp-json\/wp\/v2\/users\/1"}],"replies":[{"embeddable":true,"href":"https:\/\/www.durstartconsultancy.com\/fr\/wp-json\/wp\/v2\/comments?post=1505"}],"version-history":[{"count":4,"href":"https:\/\/www.durstartconsultancy.com\/fr\/wp-json\/wp\/v2\/pages\/1505\/revisions"}],"predecessor-version":[{"id":2047,"href":"https:\/\/www.durstartconsultancy.com\/fr\/wp-json\/wp\/v2\/pages\/1505\/revisions\/2047"}],"wp:featuredmedia":[{"embeddable":true,"href":"https:\/\/www.durstartconsultancy.com\/fr\/wp-json\/wp\/v2\/media\/699"}],"wp:attachment":[{"href":"https:\/\/www.durstartconsultancy.com\/fr\/wp-json\/wp\/v2\/media?parent=1505"}],"curies":[{"name":"wp","href":"https:\/\/api.w.org\/{rel}","templated":true}]}}