{"id":1465,"date":"2025-05-13T11:51:58","date_gmt":"2025-05-13T09:51:58","guid":{"rendered":"https:\/\/www.durstartconsultancy.com\/laboratory\/"},"modified":"2025-07-02T11:06:53","modified_gmt":"2025-07-02T09:06:53","slug":"materiautheque","status":"publish","type":"page","link":"https:\/\/www.durstartconsultancy.com\/fr\/materiautheque\/","title":{"rendered":"Mat\u00e9riauth\u00e8que"},"content":{"rendered":"<p>Chaque projet d\u00e9bute par un mat\u00e9riau, une texture, une surface, un geste. Au fil des ann\u00e9es, nos collaborations avec artistes et artisans ont fa\u00e7onn\u00e9 une biblioth\u00e8que \u00e9volutive de possibles. Cette collection s\u00e9lectionn\u00e9e n\u2019est pas un catalogue, mais un espace d\u2019exploration o\u00f9 se croisent r\u00e9f\u00e9rences, techniques et inspirations. Elle refl\u00e8te la diversit\u00e9 de notre r\u00e9seau et la richesse de notre sourcing, nous permettant d\u2019imaginer et de r\u00e9aliser des \u0153uvres sur mesure en parfaite harmonie avec l\u2019identit\u00e9 de chaque projet.<\/p>\n","protected":false},"excerpt":{"rendered":"<p>Chaque projet d\u00e9bute par un mat\u00e9riau, une texture, une surface, un geste. Au fil des ann\u00e9es, nos collaborations avec artistes et artisans ont fa\u00e7onn\u00e9 une biblioth\u00e8que \u00e9volutive de possibles. Cette collection s\u00e9lectionn\u00e9e n\u2019est pas un catalogue, mais un espace d\u2019exploration o\u00f9 se croisent r\u00e9f\u00e9rences, techniques et inspirations. Elle refl\u00e8te la diversit\u00e9 de notre r\u00e9seau et [&hellip;]<\/p>\n","protected":false},"author":1,"featured_media":0,"parent":0,"menu_order":0,"comment_status":"closed","ping_status":"closed","template":"laboratory.php","meta":{"_acf_changed":false,"footnotes":""},"class_list":["post-1465","page","type-page","status-publish","hentry"],"acf":[],"yoast_head":"<!-- This site is optimized with the Yoast SEO plugin v27.4 - https:\/\/yoast.com\/product\/yoast-seo-wordpress\/ -->\n<title>Mat\u00e9riauth\u00e8que &#8212; Durst Art Consultancy<\/title>\n<meta name=\"description\" content=\"Chaque projet d\u00e9bute par un mat\u00e9riau, une texture, une surface, un geste. Au fil des ann\u00e9es, nos collaborations avec artistes et artisans ont fa\u00e7onn\u00e9 une\" \/>\n<meta name=\"robots\" content=\"index, follow, max-snippet:-1, max-image-preview:large, max-video-preview:-1\" \/>\n<link rel=\"canonical\" href=\"https:\/\/www.durstartconsultancy.com\/fr\/materiautheque\/\" \/>\n<meta property=\"og:locale\" content=\"fr_FR\" \/>\n<meta property=\"og:type\" content=\"article\" \/>\n<meta property=\"og:title\" content=\"Mat\u00e9riauth\u00e8que &#8212; Durst Art Consultancy\" \/>\n<meta property=\"og:description\" content=\"Chaque projet d\u00e9bute par un mat\u00e9riau, une texture, une surface, un geste. Au fil des ann\u00e9es, nos collaborations avec artistes et artisans ont fa\u00e7onn\u00e9 une\" \/>\n<meta property=\"og:url\" content=\"https:\/\/www.durstartconsultancy.com\/fr\/materiautheque\/\" \/>\n<meta property=\"og:site_name\" content=\"Durst Art Consultancy\" \/>\n<meta property=\"article:modified_time\" content=\"2025-07-02T09:06:53+00:00\" \/>\n<meta name=\"twitter:card\" content=\"summary_large_image\" \/>\n<meta name=\"twitter:label1\" content=\"Dur\u00e9e de lecture estim\u00e9e\" \/>\n\t<meta name=\"twitter:data1\" content=\"1 minute\" \/>\n<script type=\"application\/ld+json\" class=\"yoast-schema-graph\">{\"@context\":\"https:\\\/\\\/schema.org\",\"@graph\":[{\"@type\":\"WebPage\",\"@id\":\"https:\\\/\\\/www.durstartconsultancy.com\\\/fr\\\/materiautheque\\\/\",\"url\":\"https:\\\/\\\/www.durstartconsultancy.com\\\/fr\\\/materiautheque\\\/\",\"name\":\"Mat\u00e9riauth\u00e8que &#8212; Durst Art Consultancy\",\"isPartOf\":{\"@id\":\"https:\\\/\\\/www.durstartconsultancy.com\\\/fr\\\/#website\"},\"datePublished\":\"2025-05-13T09:51:58+00:00\",\"dateModified\":\"2025-07-02T09:06:53+00:00\",\"description\":\"Chaque projet d\u00e9bute par un mat\u00e9riau, une texture, une surface, un geste. Au fil des ann\u00e9es, nos collaborations avec artistes et artisans ont fa\u00e7onn\u00e9 une\",\"breadcrumb\":{\"@id\":\"https:\\\/\\\/www.durstartconsultancy.com\\\/fr\\\/materiautheque\\\/#breadcrumb\"},\"inLanguage\":\"fr-FR\",\"potentialAction\":[{\"@type\":\"ReadAction\",\"target\":[\"https:\\\/\\\/www.durstartconsultancy.com\\\/fr\\\/materiautheque\\\/\"]}]},{\"@type\":\"BreadcrumbList\",\"@id\":\"https:\\\/\\\/www.durstartconsultancy.com\\\/fr\\\/materiautheque\\\/#breadcrumb\",\"itemListElement\":[{\"@type\":\"ListItem\",\"position\":1,\"name\":\"Accueil\",\"item\":\"https:\\\/\\\/www.durstartconsultancy.com\\\/fr\\\/\"},{\"@type\":\"ListItem\",\"position\":2,\"name\":\"Mat\u00e9riauth\u00e8que\"}]},{\"@type\":\"WebSite\",\"@id\":\"https:\\\/\\\/www.durstartconsultancy.com\\\/fr\\\/#website\",\"url\":\"https:\\\/\\\/www.durstartconsultancy.com\\\/fr\\\/\",\"name\":\"Durst Art Consultancy\",\"description\":\"\",\"potentialAction\":[{\"@type\":\"SearchAction\",\"target\":{\"@type\":\"EntryPoint\",\"urlTemplate\":\"https:\\\/\\\/www.durstartconsultancy.com\\\/fr\\\/?s={search_term_string}\"},\"query-input\":{\"@type\":\"PropertyValueSpecification\",\"valueRequired\":true,\"valueName\":\"search_term_string\"}}],\"inLanguage\":\"fr-FR\"}]}<\/script>\n<!-- \/ Yoast SEO plugin. -->","yoast_head_json":{"title":"Mat\u00e9riauth\u00e8que &#8212; Durst Art Consultancy","description":"Chaque projet d\u00e9bute par un mat\u00e9riau, une texture, une surface, un geste. Au fil des ann\u00e9es, nos collaborations avec artistes et artisans ont fa\u00e7onn\u00e9 une","robots":{"index":"index","follow":"follow","max-snippet":"max-snippet:-1","max-image-preview":"max-image-preview:large","max-video-preview":"max-video-preview:-1"},"canonical":"https:\/\/www.durstartconsultancy.com\/fr\/materiautheque\/","og_locale":"fr_FR","og_type":"article","og_title":"Mat\u00e9riauth\u00e8que &#8212; Durst Art Consultancy","og_description":"Chaque projet d\u00e9bute par un mat\u00e9riau, une texture, une surface, un geste. Au fil des ann\u00e9es, nos collaborations avec artistes et artisans ont fa\u00e7onn\u00e9 une","og_url":"https:\/\/www.durstartconsultancy.com\/fr\/materiautheque\/","og_site_name":"Durst Art Consultancy","article_modified_time":"2025-07-02T09:06:53+00:00","twitter_card":"summary_large_image","twitter_misc":{"Dur\u00e9e de lecture estim\u00e9e":"1 minute"},"schema":{"@context":"https:\/\/schema.org","@graph":[{"@type":"WebPage","@id":"https:\/\/www.durstartconsultancy.com\/fr\/materiautheque\/","url":"https:\/\/www.durstartconsultancy.com\/fr\/materiautheque\/","name":"Mat\u00e9riauth\u00e8que &#8212; Durst Art Consultancy","isPartOf":{"@id":"https:\/\/www.durstartconsultancy.com\/fr\/#website"},"datePublished":"2025-05-13T09:51:58+00:00","dateModified":"2025-07-02T09:06:53+00:00","description":"Chaque projet d\u00e9bute par un mat\u00e9riau, une texture, une surface, un geste. Au fil des ann\u00e9es, nos collaborations avec artistes et artisans ont fa\u00e7onn\u00e9 une","breadcrumb":{"@id":"https:\/\/www.durstartconsultancy.com\/fr\/materiautheque\/#breadcrumb"},"inLanguage":"fr-FR","potentialAction":[{"@type":"ReadAction","target":["https:\/\/www.durstartconsultancy.com\/fr\/materiautheque\/"]}]},{"@type":"BreadcrumbList","@id":"https:\/\/www.durstartconsultancy.com\/fr\/materiautheque\/#breadcrumb","itemListElement":[{"@type":"ListItem","position":1,"name":"Accueil","item":"https:\/\/www.durstartconsultancy.com\/fr\/"},{"@type":"ListItem","position":2,"name":"Mat\u00e9riauth\u00e8que"}]},{"@type":"WebSite","@id":"https:\/\/www.durstartconsultancy.com\/fr\/#website","url":"https:\/\/www.durstartconsultancy.com\/fr\/","name":"Durst Art Consultancy","description":"","potentialAction":[{"@type":"SearchAction","target":{"@type":"EntryPoint","urlTemplate":"https:\/\/www.durstartconsultancy.com\/fr\/?s={search_term_string}"},"query-input":{"@type":"PropertyValueSpecification","valueRequired":true,"valueName":"search_term_string"}}],"inLanguage":"fr-FR"}]}},"_links":{"self":[{"href":"https:\/\/www.durstartconsultancy.com\/fr\/wp-json\/wp\/v2\/pages\/1465","targetHints":{"allow":["GET"]}}],"collection":[{"href":"https:\/\/www.durstartconsultancy.com\/fr\/wp-json\/wp\/v2\/pages"}],"about":[{"href":"https:\/\/www.durstartconsultancy.com\/fr\/wp-json\/wp\/v2\/types\/page"}],"author":[{"embeddable":true,"href":"https:\/\/www.durstartconsultancy.com\/fr\/wp-json\/wp\/v2\/users\/1"}],"replies":[{"embeddable":true,"href":"https:\/\/www.durstartconsultancy.com\/fr\/wp-json\/wp\/v2\/comments?post=1465"}],"version-history":[{"count":3,"href":"https:\/\/www.durstartconsultancy.com\/fr\/wp-json\/wp\/v2\/pages\/1465\/revisions"}],"predecessor-version":[{"id":1774,"href":"https:\/\/www.durstartconsultancy.com\/fr\/wp-json\/wp\/v2\/pages\/1465\/revisions\/1774"}],"wp:attachment":[{"href":"https:\/\/www.durstartconsultancy.com\/fr\/wp-json\/wp\/v2\/media?parent=1465"}],"curies":[{"name":"wp","href":"https:\/\/api.w.org\/{rel}","templated":true}]}}